{"id":642,"date":"2015-11-24T05:41:19","date_gmt":"2015-11-24T05:41:19","guid":{"rendered":"http:\/\/logistics.stylemixthemes.com\/\/?page_id=642"},"modified":"2022-01-18T08:27:25","modified_gmt":"2022-01-18T08:27:25","slug":"dich-vu","status":"publish","type":"page","link":"https:\/\/successtrans.vn\/en\/dich-vu\/","title":{"rendered":"Service"},"content":{"rendered":"<div class=\"vc_row wpb_row vc_row-fluid vc_custom_1448347192284\"><div class=\"wpb_column vc_column_container vc_col-sm-12 vc_col-lg-4 vc_col-md-4\"><div class=\"vc_column-inner\"><div class=\"wpb_wrapper\">\n\t<div class=\"wpb_text_column wpb_content_element  vc_custom_1642494360352\" >\n\t\t<div class=\"wpb_wrapper\">\n\t\t\t<h2>Quality and Performance at the Right Price<\/h2>\n\n\t\t<\/div>\n\t<\/div>\n<\/div><\/div><\/div><div class=\"wpb_column vc_column_container vc_col-sm-6 vc_col-lg-4 vc_col-md-4\"><div class=\"vc_column-inner\"><div class=\"wpb_wrapper\">\n\t<div class=\"wpb_text_column wpb_content_element\" >\n\t\t<div class=\"wpb_wrapper\">\n\t\t\t<p>Thanh Cong is one of the world&#39;s leading end-to-end supply chain solution providers. We combine Transcontinental Sea and Air Freight with comprehensive Value-Added Logistics and Supply Chain Services. The scope of Supply Chain Solutions can vary from simple shipping or storage to complex operations.<\/p>\n\n\t\t<\/div>\n\t<\/div>\n<\/div><\/div><\/div><div class=\"wpb_column vc_column_container vc_col-sm-6 vc_col-lg-4 vc_col-md-4\"><div class=\"vc_column-inner\"><div class=\"wpb_wrapper\">\n\t<div class=\"wpb_text_column wpb_content_element\" >\n\t\t<div class=\"wpb_wrapper\">\n\t\t\t<p>We optimize all operations around information, physical and financial flows. We provide globally integrated end-to-end solutions tailored to our customers&#39; supply chain management needs with a special commitment to specific industry requirements.<\/p>\n\n\t\t<\/div>\n\t<\/div>\n<\/div><\/div><\/div><\/div><div data-vc-full-width=\"true\" data-vc-full-width-init=\"false\" class=\"vc_row wpb_row vc_row-fluid vc_custom_1448346440762 vc_row-has-fill\"><div class=\"wpb_column vc_column_container vc_col-sm-12\"><div class=\"vc_column-inner\"><div class=\"wpb_wrapper\"><div class=\"vc_row wpb_row vc_inner vc_row-fluid vc_custom_1449136946410\"><div class=\"wpb_column vc_column_container vc_col-sm-6\"><div class=\"vc_column-inner vc_custom_1449136957585\"><div class=\"wpb_wrapper\">\n<div class=\"stm_icon left icon_position_top\">\n\t\t\t<div class=\"icon\" style=\"font-size: 73px; height: 100px;\">\n\t\t\t<i class=\"stm-transport839\"><\/i>\n\t\t<\/div>\n\t\t<div class=\"icon_text\">\n\t\t\t\t\t<div class=\"title\" style=\"font-size: 24px; font-weight: 700; color: #ffffff;\">\n\t\t\t\t\t\t\t\t\t\t\t\t\t\t<a style=\"font-size: 24px; font-weight: 700; color: #ffffff;\" href=\"https:\/\/successtrans.vn\/en\/services\/air-freight\/\" target=\"_self\">Air Freight<\/a>\n\t\t\t\t\t\t\t<\/div>\n\t\t\t\t\t\t\t<div class=\"text\" style=\"color: #ffffff;\">\n\t\t\t\t<p>Air Freight department responsible for air freight in order to match the demand from our customers. we can consult our client to select the appropriate airline with best schedule and economy. We keep updated accurate and closely monitor the journey of shipments.<\/p>\n\t\t\t<\/div>\n\t\t\t<\/div>\n<\/div>\n<\/div><\/div><\/div><div class=\"wpb_column vc_column_container vc_col-sm-6\"><div class=\"vc_column-inner vc_custom_1449136961602\"><div class=\"wpb_wrapper\">\n<div class=\"stm_icon left icon_position_top\">\n\t\t\t<div class=\"icon\" style=\"font-size: 89px; height: 100px;\">\n\t\t\t<i class=\"stm-ship\"><\/i>\n\t\t<\/div>\n\t\t<div class=\"icon_text\">\n\t\t\t\t\t<div class=\"title\" style=\"font-size: 24px; font-weight: 700; color: #ffffff;\">\n\t\t\t\t\t\t\t\t\t\t\t\t\t\t<a style=\"font-size: 24px; font-weight: 700; color: #ffffff;\" href=\"https:\/\/successtrans.vn\/en\/services\/sea-freight\/\" target=\"_self\">Sea Freight<\/a>\n\t\t\t\t\t\t\t<\/div>\n\t\t\t\t\t\t\t<div class=\"text\" style=\"color: #ffffff;\">\n\t\t\t\t<p>As a reliable partner for global shipments, we provide customised ocean freight services around the world. With our longstanding expertise, we offer you the best solutions based on your requirements.\nWe can offer some typical services: FCL , LCL or buyer \u2018s and seller \u2018s consolidation.<br \/>\nWe can provide some typical services: FCL, LCL or consolidation of buyer and seller.<\/p>\n\t\t\t<\/div>\n\t\t\t<\/div>\n<\/div>\n<\/div><\/div><\/div><\/div><div class=\"vc_row wpb_row vc_inner vc_row-fluid vc_custom_1449136951770\"><div class=\"wpb_column vc_column_container vc_col-sm-6\"><div class=\"vc_column-inner vc_custom_1449136966415\"><div class=\"wpb_wrapper\">\n<div class=\"stm_icon left icon_position_top\">\n\t\t\t<div class=\"icon\" style=\"font-size: 89px; height: 100px;\">\n\t\t\t<i class=\"stm-transport842\"><\/i>\n\t\t<\/div>\n\t\t<div class=\"icon_text\">\n\t\t\t\t\t<div class=\"title\" style=\"font-size: 24px; font-weight: 700; color: #ffffff;\">\n\t\t\t\t\t\t\t\t\t\t\t\t\t\t<a style=\"font-size: 24px; font-weight: 700; color: #ffffff;\" href=\"https:\/\/successtrans.vn\/en\/services\/express-service\/\" target=\"_self\">Express service<\/a>\n\t\t\t\t\t\t\t<\/div>\n\t\t\t\t\t\t\t<div class=\"text\" style=\"color: #ffffff;\">\n\t\t\t\t<p>Having long-term relationship with many express dealers, we simplify your shipping process and consult speed, economical solution for your business.<\/p>\n\t\t\t<\/div>\n\t\t\t<\/div>\n<\/div>\n<\/div><\/div><\/div><div class=\"wpb_column vc_column_container vc_col-sm-6\"><div class=\"vc_column-inner vc_custom_1449136971250\"><div class=\"wpb_wrapper\">\n<div class=\"stm_icon left icon_position_top\">\n\t\t\t<div class=\"icon\" style=\"font-size: 89px; height: 100px;\">\n\t\t\t<i class=\"stm-warehouse\"><\/i>\n\t\t<\/div>\n\t\t<div class=\"icon_text\">\n\t\t\t\t\t<div class=\"title\" style=\"font-size: 24px; font-weight: 700; color: #ffffff;\">\n\t\t\t\t\t\t\t\t\t\t\t\t\t\t<a style=\"font-size: 24px; font-weight: 700; color: #ffffff;\" href=\"https:\/\/successtrans.vn\/en\/services\/customs-services\/\" target=\"_self\">Customs Services<\/a>\n\t\t\t\t\t\t\t<\/div>\n\t\t\t\t\t\t\t<div class=\"text\" style=\"color: #ffffff;\">\n\t\t\t\t<p>SUCCESS is permitted to clear customs on behalf of the owner\u2019s name, declaring and implementing of customs declaration, tax payment, delivery and transportation of imported\/exported goods. This delegation allows SUCCESS to help customers simplify the procedures of customs declaration for import and export.<\/p>\n\t\t\t<\/div>\n\t\t\t<\/div>\n<\/div>\n<\/div><\/div><\/div><\/div><\/div><\/div><\/div><\/div><div class=\"vc_row-full-width\"><\/div><div data-vc-full-width=\"true\" data-vc-full-width-init=\"false\" class=\"vc_row wpb_row vc_row-fluid secondary_bg_color vc_custom_1448346766847\"><div class=\"wpb_column vc_column_container vc_col-sm-12\"><div class=\"vc_column-inner\"><div class=\"wpb_wrapper\"><section class=\"vc_cta3-container\"><div class=\"vc_general vc_cta3 secondary_bg_color vc_cta3-style-classic vc_cta3-shape-square vc_cta3-align-left vc_cta3-color-classic vc_cta3-icon-size-md vc_cta3-actions-right\"><div class=\"vc_cta3_content-container\"><div class=\"vc_cta3-content\"><header class=\"vc_cta3-content-header\"><h2>Contact us for the fastest advice<\/h2><\/header><\/div><div class=\"vc_cta3-actions\"><div class=\"vc_btn3-container vc_btn3-inline\" ><a class=\"vc_general vc_btn3 vc_btn3-size-md vc_btn3-shape-round vc_btn3-style-outline vc_btn3-icon-right vc_btn3-color-white\" href=\"https:\/\/successtrans.vn\/en\/lien-he\/\" title=\"\">Contact now <i class=\"vc_btn3-icon stm-arrow-next\"><\/i><\/a><\/div><\/div><\/div><\/div><\/section><\/div><\/div><\/div><\/div><div class=\"vc_row-full-width\"><\/div><div class=\"vc_row wpb_row vc_row-fluid vc_custom_1449137019491\"><div class=\"wpb_column vc_column_container vc_col-sm-6\"><div class=\"vc_column-inner\"><div class=\"wpb_wrapper\">\n\t<div class=\"wpb_text_column wpb_content_element  vc_custom_1642494432175\" >\n\t\t<div class=\"wpb_wrapper\">\n\t\t\t<h3><strong>Effective solutions<\/strong><\/h3>\n<p>You benefit from our experience in providing efficient solutions to the complex global supply chains of some of the world&#39;s largest corporations. You benefit from every innovation, whether it involves a simple extension of our Air and Sea Freight products, whether it means an evolution in the warehousing sector. yard or does it require an entirely new integrated supply chain model.<\/p>\n\n\t\t<\/div>\n\t<\/div>\n<\/div><\/div><\/div><div class=\"wpb_column vc_column_container vc_col-sm-6\"><div class=\"vc_column-inner\"><div class=\"wpb_wrapper\">\n\t<div  class=\"wpb_single_image wpb_content_element vc_align_right\">\n\t\t\n\t\t<figure class=\"wpb_wrapper vc_figure\">\n\t\t\t<div class=\"vc_single_image-wrapper   vc_box_border_grey\"><img width=\"700\" height=\"440\" src=\"https:\/\/successtrans.vn\/wp-content\/uploads\/2022\/01\/Fotolia_85388194_Subscription_Monthly_M.jpg\" class=\"vc_single_image-img attachment-full\" alt=\"\" decoding=\"async\" loading=\"lazy\" srcset=\"https:\/\/successtrans.vn\/wp-content\/uploads\/2022\/01\/Fotolia_85388194_Subscription_Monthly_M.jpg 700w, https:\/\/successtrans.vn\/wp-content\/uploads\/2022\/01\/Fotolia_85388194_Subscription_Monthly_M-300x189.jpg 300w, https:\/\/successtrans.vn\/wp-content\/uploads\/2022\/01\/Fotolia_85388194_Subscription_Monthly_M-600x377.jpg 600w\" sizes=\"(max-width: 700px) 100vw, 700px\" \/><\/div>\n\t\t<\/figure>\n\t<\/div>\n<\/div><\/div><\/div><\/div><div data-vc-full-width=\"true\" data-vc-full-width-init=\"false\" data-vc-stretch-content=\"true\" class=\"vc_row wpb_row vc_row-fluid secondary_bg_color services_icons reset-sm-paddings vc_custom_1450671531930 vc_row-no-padding vc_row-o-equal-height vc_row-o-content-top vc_row-flex\"><div class=\"wpb_column vc_column_container vc_col-sm-12 vc_col-lg-4 vc_col-md-4\"><div class=\"vc_column-inner vc_custom_1449204255225\"><div class=\"wpb_wrapper\">\n<div class=\"stm_icon center icon_position_top\">\n\t\t\t<div class=\"icon\" style=\"font-size: 67px; height: 90px; color: #ffffff;\">\n\t\t\t<i class=\"stm-security\"><\/i>\n\t\t<\/div>\n\t\t<div class=\"icon_text\">\n\t\t\t\t\t<div class=\"title\" style=\"font-size: 24px; font-weight: 700; color: #ffffff;\">\n\t\t\t\t\t\t\t\t\tSafety &amp; Security\t\t\t\t\t\t\t<\/div>\n\t\t\t\t\t\t\t<div class=\"text\" style=\"color: #ffffff;\">\n\t\t\t\t<p>You benefit from our experience in providing efficient solutions to the complex global supply chains of some of the world&#39;s largest corporations.<\/p>\n\t\t\t<\/div>\n\t\t\t<\/div>\n<\/div>\n<\/div><\/div><\/div><div class=\"wpb_column vc_column_container vc_col-sm-12 vc_col-lg-4 vc_col-md-4 vc_col-has-fill\"><div class=\"vc_column-inner vc_custom_1449204260881\"><div class=\"wpb_wrapper\">\n<div class=\"stm_icon center icon_position_top\">\n\t\t\t<div class=\"icon\" style=\"font-size: 67px; height: 90px; color: #ffffff;\">\n\t\t\t<i class=\"stm-fast-delivery\"><\/i>\n\t\t<\/div>\n\t\t<div class=\"icon_text\">\n\t\t\t\t\t<div class=\"title\" style=\"font-size: 24px; font-weight: 700; color: #ffffff;\">\n\t\t\t\t\t\t\t\t\tExpress delivery\t\t\t\t\t\t\t<\/div>\n\t\t\t\t\t\t\t<div class=\"text\" style=\"color: #ffffff;\">\n\t\t\t\t<p>You benefit from every innovation, whether it involves a simple extension of our Air and Sea Freight products, whether it means a development in the field Warehouse.<\/p>\n\t\t\t<\/div>\n\t\t\t<\/div>\n<\/div>\n<\/div><\/div><\/div><div class=\"wpb_column vc_column_container vc_col-sm-12 vc_col-lg-4 vc_col-md-4 vc_col-has-fill\"><div class=\"vc_column-inner vc_custom_1449204266169\"><div class=\"wpb_wrapper\">\n<div class=\"stm_icon center icon_position_top\">\n\t\t\t<div class=\"icon\" style=\"font-size: 67px; height: 90px; color: #ffffff;\">\n\t\t\t<i class=\"stm-support\"><\/i>\n\t\t<\/div>\n\t\t<div class=\"icon_text\">\n\t\t\t\t\t<div class=\"title\" style=\"font-size: 24px; font-weight: 700; color: #ffffff;\">\n\t\t\t\t\t\t\t\t\t24\/7 support\t\t\t\t\t\t\t<\/div>\n\t\t\t\t\t\t\t<div class=\"text\" style=\"color: #ffffff;\">\n\t\t\t\t<p>All of which explains why you&#39;ll find the excellent support team at TransCargo ready to apply their passion to solutions to support your business.<\/p>\n\t\t\t<\/div>\n\t\t\t<\/div>\n<\/div>\n<\/div><\/div><\/div><\/div><div class=\"vc_row-full-width\"><\/div>","protected":false},"excerpt":{"rendered":"Ch\u1ea5t l\u01b0\u1ee3ng v\u00e0 Hi\u1ec7u su\u1ea5t v\u1edbi m\u1ee9c gi\u00e1 ph\u00f9 h\u1ee3p Th\u00e0nh C\u00f4ng l\u00e0 m\u1ed9t trong nh\u1eefng nh\u00e0 cung c\u1ea5p gi\u1ea3i ph\u00e1p chu\u1ed7i cung \u1ee9ng end-to-end h\u00e0ng \u0111\u1ea7u th\u1ebf gi\u1edbi. Ch\u00fang t\u00f4i k\u1ebft h\u1ee3p...","protected":false},"author":1,"featured_media":0,"parent":0,"menu_order":0,"comment_status":"closed","ping_status":"closed","template":"","meta":[],"yst_prominent_words":[],"_links":{"self":[{"href":"https:\/\/successtrans.vn\/en\/wp-json\/wp\/v2\/pages\/642"}],"collection":[{"href":"https:\/\/successtrans.vn\/en\/wp-json\/wp\/v2\/pages"}],"about":[{"href":"https:\/\/successtrans.vn\/en\/wp-json\/wp\/v2\/types\/page"}],"author":[{"embeddable":true,"href":"https:\/\/successtrans.vn\/en\/wp-json\/wp\/v2\/users\/1"}],"replies":[{"embeddable":true,"href":"https:\/\/successtrans.vn\/en\/wp-json\/wp\/v2\/comments?post=642"}],"version-history":[{"count":9,"href":"https:\/\/successtrans.vn\/en\/wp-json\/wp\/v2\/pages\/642\/revisions"}],"predecessor-version":[{"id":1514,"href":"https:\/\/successtrans.vn\/en\/wp-json\/wp\/v2\/pages\/642\/revisions\/1514"}],"wp:attachment":[{"href":"https:\/\/successtrans.vn\/en\/wp-json\/wp\/v2\/media?parent=642"}],"wp:term":[{"taxonomy":"yst_prominent_words","embeddable":true,"href":"https:\/\/successtrans.vn\/en\/wp-json\/wp\/v2\/yst_prominent_words?post=642"}],"curies":[{"name":"wp","href":"https:\/\/api.w.org\/{rel}","templated":true}]}}