{"id":549,"date":"2015-11-20T05:04:53","date_gmt":"2015-11-20T05:04:53","guid":{"rendered":"http:\/\/logistics.stylemixthemes.com\/\/?page_id=549"},"modified":"2022-01-18T08:20:09","modified_gmt":"2022-01-18T08:20:09","slug":"doi-ngu","status":"publish","type":"page","link":"https:\/\/successtrans.vn\/en\/doi-ngu\/","title":{"rendered":"Team"},"content":{"rendered":"<div class=\"vc_row wpb_row vc_row-fluid vc_custom_1449143045313\"><div class=\"wpb_column vc_column_container vc_col-sm-4\"><div class=\"vc_column-inner\"><div class=\"wpb_wrapper\"><h2 style=\"text-align: left\" class=\"vc_custom_heading vc_custom_1640144144873\" >Company team introduction<\/h2><\/div><\/div><\/div><div class=\"wpb_column vc_column_container vc_col-sm-8\"><div class=\"vc_column-inner vc_custom_1449143050295\"><div class=\"wpb_wrapper\">\n\t<div class=\"wpb_text_column wpb_content_element\" >\n\t\t<div class=\"wpb_wrapper\">\n\t\t\t<p>SUCCESS&#39;s flexible model, using only quality suppliers, means you benefit from improved service levels, greater flexibility, and on-time deliveries. Our expertise in transportation planning and management allows us to design a solution that meets your needs and also responds quickly to any disruptions, such as weather.<\/p>\n<p>Integrated road network, covering the world. Through our global network of control towers and state-of-the-art technology, we are able to monitor and respond dynamically to situations such as adverse weather, additional pick up or drop off or heavy traffic, which means your goods are always transported the most efficient route. Our Asset-Based Airway Network gives you flexibility, improved service levels, faster deliveries, reduced direct and indirect costs and much less complexity.<\/p>\n\n\t\t<\/div>\n\t<\/div>\n<\/div><\/div><\/div><\/div>","protected":false},"excerpt":{"rendered":"Gi\u1edbi thi\u1ec7u \u0111\u1ed9i ng\u0169 c\u00f4ng ty M\u00f4 h\u00ecnh linh ho\u1ea1t c\u1ee7a SUCCESS, ch\u1ec9 s\u1eed d\u1ee5ng c\u00e1c nh\u00e0 cung c\u1ea5p ch\u1ea5t l\u01b0\u1ee3ng, c\u00f3 ngh\u0129a l\u00e0 b\u1ea1n \u0111\u01b0\u1ee3c h\u01b0\u1edfng l\u1ee3i t\u1eeb m\u1ee9c \u0111\u1ed9 d\u1ecbch v\u1ee5...","protected":false},"author":1,"featured_media":0,"parent":0,"menu_order":0,"comment_status":"closed","ping_status":"closed","template":"","meta":[],"yst_prominent_words":[],"_links":{"self":[{"href":"https:\/\/successtrans.vn\/en\/wp-json\/wp\/v2\/pages\/549"}],"collection":[{"href":"https:\/\/successtrans.vn\/en\/wp-json\/wp\/v2\/pages"}],"about":[{"href":"https:\/\/successtrans.vn\/en\/wp-json\/wp\/v2\/types\/page"}],"author":[{"embeddable":true,"href":"https:\/\/successtrans.vn\/en\/wp-json\/wp\/v2\/users\/1"}],"replies":[{"embeddable":true,"href":"https:\/\/successtrans.vn\/en\/wp-json\/wp\/v2\/comments?post=549"}],"version-history":[{"count":6,"href":"https:\/\/successtrans.vn\/en\/wp-json\/wp\/v2\/pages\/549\/revisions"}],"predecessor-version":[{"id":1511,"href":"https:\/\/successtrans.vn\/en\/wp-json\/wp\/v2\/pages\/549\/revisions\/1511"}],"wp:attachment":[{"href":"https:\/\/successtrans.vn\/en\/wp-json\/wp\/v2\/media?parent=549"}],"wp:term":[{"taxonomy":"yst_prominent_words","embeddable":true,"href":"https:\/\/successtrans.vn\/en\/wp-json\/wp\/v2\/yst_prominent_words?post=549"}],"curies":[{"name":"wp","href":"https:\/\/api.w.org\/{rel}","templated":true}]}}