{"id":442,"date":"2015-11-17T05:09:58","date_gmt":"2015-11-17T05:09:58","guid":{"rendered":"http:\/\/logistics.stylemixthemes.com\/\/?page_id=442"},"modified":"2022-01-12T08:31:24","modified_gmt":"2022-01-12T08:31:24","slug":"lien-he","status":"publish","type":"page","link":"https:\/\/successtrans.vn\/en\/lien-he\/","title":{"rendered":"Contact"},"content":{"rendered":"<div class=\"vc_row wpb_row vc_row-fluid vc_custom_1449207080478\"><div class=\"wpb_column vc_column_container vc_col-sm-12 vc_col-lg-4 vc_col-md-4\"><div class=\"vc_column-inner vc_custom_1449207085340\"><div class=\"wpb_wrapper\">\n\t<div class=\"wpb_text_column wpb_content_element\" >\n\t\t<div class=\"wpb_wrapper\">\n\t\t\t<h2>Contact us<\/h2>\n<p>If you have any questions about Success or how we can support your business, please contact us directly by choosing from one of the categories below that best suits your requirements. yours and fill out our short feedback form.<\/p>\n\n\t\t<\/div>\n\t<\/div>\n<\/div><\/div><\/div><div class=\"wpb_column vc_column_container vc_col-sm-12 vc_col-lg-8 vc_col-md-8\"><div class=\"vc_column-inner vc_custom_1449207088828\"><div class=\"wpb_wrapper\"><div role=\"form\" class=\"wpcf7\" id=\"wpcf7-f453-o1\" lang=\"en-US\" dir=\"ltr\">\n<div class=\"screen-reader-response\"><p role=\"status\" aria-live=\"polite\" aria-atomic=\"true\"><\/p> <ul><\/ul><\/div>\n<form action=\"\/en\/wp-json\/wp\/v2\/pages\/442#wpcf7-f453-o1\" method=\"post\" class=\"wpcf7-form init\" novalidate=\"novalidate\" data-status=\"init\" data-trp-original-action=\"\/en\/wp-json\/wp\/v2\/pages\/442#wpcf7-f453-o1\">\n<div style=\"display: none;\">\n<input type=\"hidden\" name=\"_wpcf7\" value=\"453\" \/>\n<input type=\"hidden\" name=\"_wpcf7_version\" value=\"5.5.3\" \/>\n<input type=\"hidden\" name=\"_wpcf7_locale\" value=\"en_US\" \/>\n<input type=\"hidden\" name=\"_wpcf7_unit_tag\" value=\"wpcf7-f453-o1\" \/>\n<input type=\"hidden\" name=\"_wpcf7_container_post\" value=\"0\" \/>\n<input type=\"hidden\" name=\"_wpcf7_posted_data_hash\" value=\"\" \/>\n<\/div>\n<div class=\"contact_form\">\n<div class=\"row\">\n<div class=\"col-lg-6 col-md-6 col-sm-12 col-xs-12\">\n<div class=\"input-group\">\n<span class=\"wpcf7-form-control-wrap text-name12\"><input type=\"text\" name=\"text-name12\" value=\"\" size=\"40\" class=\"wpcf7-form-control wpcf7-text\" aria-invalid=\"false\" placeholder=\"Name*\" \/><\/span>\n<\/div>\n<div class=\"input-group\">\n<span class=\"wpcf7-form-control-wrap email\"><input type=\"email\" name=\"email\" value=\"\" size=\"40\" class=\"wpcf7-form-control wpcf7-text wpcf7-email wpcf7-validates-as-required wpcf7-validates-as-email\" aria-required=\"true\" aria-invalid=\"false\" placeholder=\"Email *\" \/><\/span>\n<\/div>\n<\/div>\n<div class=\"col-lg-6 col-md-6 col-sm-12 col-xs-12\">\n<span class=\"wpcf7-form-control-wrap message\"><textarea name=\"message\" cols=\"40\" rows=\"10\" class=\"wpcf7-form-control wpcf7-textarea wpcf7-validates-as-required\" aria-required=\"true\" aria-invalid=\"false\" placeholder=\"Content*\"><\/textarea><\/span>\n<\/div>\n<\/div>\n<div class=\"row\">\n<div class=\"col-lg-6 col-md-6 col-sm-12 col-xs-12 text-right\">\n<div class=\"input-group\">\n<button class=\"button icon_right size-sm theme-wpcf7-submit\">SEND THE CONTACT<i class=\"stm-arrow-next\"><\/i><\/button>\n<\/div>\n<\/div>\n<\/div>\n<\/div>\n<div class=\"wpcf7-response-output\" aria-hidden=\"true\"><\/div><input type=\"hidden\" name=\"trp-form-language\" value=\"en\"\/><\/form><\/div><\/div><\/div><\/div><\/div><div data-vc-full-width=\"true\" data-vc-full-width-init=\"false\" data-vc-stretch-content=\"true\" class=\"vc_row wpb_row vc_row-fluid vc_custom_1447738052361 vc_row-no-padding\"><div class=\"wpb_column vc_column_container vc_col-sm-12\"><div class=\"vc_column-inner\"><div class=\"wpb_wrapper\">\t<div id=\"map_69d6f2114cc34\" class=\"stm_gmap_wrapper\" style=\"height: 688px;\">\n\t\t\t\t<div style=\"height: 688px;\" id=\"stm-gmap-69d6f2114cc33\" class=\"stm_gmap\"><\/div>\n\t\t<script type=\"text\/javascript\">\n\t\t\tjQuery(document).ready(function ($) {\n\t\t\t\tgoogle.maps.event.addDomListener(window, 'load', init);\n\t\t\t\tvar map_69d6f2114cc34, markers = [], gmarkers = [], owl_69d6f2114cc31 = $(\"#owl_69d6f2114cc31\"), default_marker_icon = 'https:\/\/successtrans.vn\/wp-content\/themes\/transcargo\/assets\/images\/markers\/map-marker-site_style_blue.png';\n\t\t\t\t$(\"#skin_color span\").on('click', function () {\n\t\t\t\t\tfor (var i = 0; i < gmarkers.length; i++) {\n\t\t\t\t\t\tif( $(this).attr('id') == 'site_style_default' ){\n\t\t\t\t\t\t\tgmarkers[i].setIcon('https:\/\/successtrans.vn\/wp-content\/themes\/transcargo\/assets\/images\/markers\/map-marker-site_style_blue.png');\n\t\t\t\t\t\t}else{\n\t\t\t\t\t\t\tgmarkers[i].setIcon('https:\/\/successtrans.vn\/wp-content\/themes\/transcargo\/assets\/images\/markers\/map-marker-'+$(this).attr('id')+'.png');\n\t\t\t\t\t\t}\n\t\t\t\t\t}\n\t\t\t\t});\n\t\t\t\tfunction init() {\n\t\t\t\t\tvar mapOptions = {\n\t\t\t\t\t\tzoom: 10,\n\t\t\t\t\t\tzoomControlOptions: {\n\t\t\t\t\t\t\tposition: google.maps.ControlPosition.LEFT_TOP\n\t\t\t\t\t\t},\n\t\t\t\t\t\tstreetViewControl: false,\n\t\t\t\t\t\tscrollwheel: false,\n\t\t\t\t\t\tstyles: [{\"stylers\":[{\"saturation\":-100},{\"gamma\":1}]},{\"elementType\":\"labels.text.stroke\",\"stylers\":[{\"visibility\":\"off\"}]},{\"featureType\":\"poi.business\",\"elementType\":\"labels.text\",\"stylers\":[{\"visibility\":\"off\"}]},{\"featureType\":\"poi.business\",\"elementType\":\"labels.icon\",\"stylers\":[{\"visibility\":\"off\"}]},{\"featureType\":\"poi.place_of_worship\",\"elementType\":\"labels.text\",\"stylers\":[{\"visibility\":\"off\"}]},{\"featureType\":\"poi.place_of_worship\",\"elementType\":\"labels.icon\",\"stylers\":[{\"visibility\":\"off\"}]},{\"featureType\":\"road\",\"elementType\":\"geometry\",\"stylers\":[{\"visibility\":\"simplified\"}]},{\"featureType\":\"water\",\"stylers\":[{\"visibility\":\"on\"},{\"saturation\":50},{\"gamma\":0},{\"hue\":\"#50a5d1\"}]},{\"featureType\":\"administrative.neighborhood\",\"elementType\":\"labels.text.fill\",\"stylers\":[{\"color\":\"#333333\"}]},{\"featureType\":\"road.local\",\"elementType\":\"labels.text\",\"stylers\":[{\"weight\":0.5},{\"color\":\"#333333\"}]},{\"featureType\":\"transit.station\",\"elementType\":\"labels.icon\",\"stylers\":[{\"gamma\":1},{\"saturation\":50}]}]\n\t\t\t\t\t};\n\t\t\t\t\tvar mapElement = document.getElementById('stm-gmap-69d6f2114cc33');\n\t\t\t\t\tmap_69d6f2114cc34 = new google.maps.Map(mapElement, mapOptions);\n\n\t\t\t\t\towl_69d6f2114cc31.on('initialized.owl.carousel', function () {\n\t\t\t\t\t\ttranscargo_setMarkers();\n\t\t\t\t\t});\n\n\t\t\t\t\towl_69d6f2114cc31.owlCarousel({\n\t\t\t\t\t\tdotsContainer: '#owl-nav-69d6f2114cc32',\n\t\t\t\t\t\titems: 3,\n\t\t\t\t\t\tmargin: 70,\n\t\t\t\t\t\tresponsive: {\n\t\t\t\t\t\t\t0: {\n\t\t\t\t\t\t\t\titems: 1\n\t\t\t\t\t\t\t},\n\t\t\t\t\t\t\t768: {\n\t\t\t\t\t\t\t\titems: 2\n\t\t\t\t\t\t\t},\n\t\t\t\t\t\t\t980: {\n\t\t\t\t\t\t\t\titems: 2\n\t\t\t\t\t\t\t},\n\t\t\t\t\t\t\t1199:{\n\t\t\t\t\t\t\t\titems: 2\n\t\t\t\t\t\t\t}\n\t\t\t\t\t\t},\n\t\t\t\t\t\tonTranslated: function () {\n\t\t\t\t\t\t\ttranscargo_setMarkers();\n\t\t\t\t\t\t}\n\t\t\t\t\t});\n\t\t\t\t}\n\t\t\t\tfunction transcargo_setMarkers(){\n\t\t\t\t\tvar latlngbounds = new google.maps.LatLngBounds();\n\t\t\t\t\tmarkers = [];\n\t\t\t\t\towl_69d6f2114cc31.find('.owl-item.active').each(function (i) {\n\t\t\t\t\t\tmarkers.push([parseFloat($(this).find('.item').data('lat')), parseFloat($(this).find('.item').data('lng')), $(this).find('.item').data('title')]);\n\t\t\t\t\t});\n\t\t\t\t\tfor (i = 0; i < gmarkers.length; i++) {\n\t\t\t\t\t\tgmarkers[i].setMap(null);\n\t\t\t\t\t}\n\t\t\t\t\tfor (var i = 0; i < markers.length; i++) {\n\t\t\t\t\t\tvar marker_array = markers[i];\n\t\t\t\t\t\tmarker = new google.maps.Marker({\n\t\t\t\t\t\t\tposition: {lat: marker_array[0], lng: marker_array[1]},\n\t\t\t\t\t\t\ticon: default_marker_icon,\n\t\t\t\t\t\t\tmap: map_69d6f2114cc34,\n\t\t\t\t\t\t\ttitle: marker_array[2]\n\t\t\t\t\t\t});\n\t\t\t\t\t\tlatlngbounds.extend(new google.maps.LatLng(marker_array[0], marker_array[1]));\n\t\t\t\t\t\tgmarkers.push( marker );\n\t\t\t\t\t\taddInfoWindow( marker, marker_array[2] );\n\t\t\t\t\t}\n\t\t\t\t\tmap_69d6f2114cc34.fitBounds(latlngbounds);\n\t\t\t\t\t\n\t\t\t\t\tif( markers.length === 1 ) {\n\t\t\t\t\t\tvar listener = google.maps.event.addListener(map_69d6f2114cc34, \"idle\", function() { \n\t\t\t\t\t\t  map_69d6f2114cc34.setZoom(10); \n\t\t\t\t\t\t  google.maps.event.removeListener(listener); \n\t\t\t\t\t\t});\n\t\t\t\t\t}\n\n\t\t\t\t\tgoogle.maps.event.addListenerOnce(map_69d6f2114cc34, 'bounds_changed', function () {\n\t\t\t\t\t\toffsetCenter(latlngbounds.getCenter(), 0, $(\"#map_69d6f2114cc34 .gmap_addresses\").innerHeight());\n\t\t\t\t\t\tif( \/Android|webOS|iPhone|iPod|BlackBerry|IEMobile|Opera Mini\/i.test(navigator.userAgent) ){\n\t\t\t\t\t\t\tmap_69d6f2114cc34.setZoom(map_69d6f2114cc34.getZoom() - 4 );\n\t\t\t\t\t\t}else{\n\t\t\t\t\t\t\tmap_69d6f2114cc34.setZoom(map_69d6f2114cc34.getZoom() - 1 );\n\t\t\t\t\t\t}\n\t\t\t\t\t});\n\t\t\t\t}\n\t\t\t\tfunction addInfoWindow(marker, title) {\n\n\t\t\t\t\tvar infowindow = new google.maps.InfoWindow({\n\t\t\t\t\t\tcontent: '<h6>' + title + '<\/h6>',\n\t\t\t\t\t\tpixelOffset: new google.maps.Size(0,40)\n\t\t\t\t\t});\n\n\t\t\t\t\tgoogle.maps.event.addListener(marker, 'mouseover', function () {\n\t\t\t\t\t\tinfowindow.open(map_69d6f2114cc34, marker);\n\t\t\t\t\t});\n\n\t\t\t\t\tgoogle.maps.event.addListener(marker, 'mouseout', function () {\n\t\t\t\t\t\tinfowindow.close(map_69d6f2114cc34, marker);\n\t\t\t\t\t});\n\n\t\t\t\t}\n\t\t\t\tfunction offsetCenter(latlng,offsetx,offsety) {\n\t\t\t\t\tmap = map_69d6f2114cc34;\n\t\t\t\t\tvar scale = Math.pow(2, map.getZoom());\n\t\t\t\t\tvar nw = new google.maps.LatLng(\n\t\t\t\t\t\tmap.getBounds().getNorthEast().lat(),\n\t\t\t\t\t\tmap.getBounds().getSouthWest().lng()\n\t\t\t\t\t);\n\n\t\t\t\t\tvar worldCoordinateCenter = map.getProjection().fromLatLngToPoint(latlng);\n\t\t\t\t\tvar pixelOffset = new google.maps.Point((offsetx\/scale) || 0,(offsety\/scale) ||0)\n\n\t\t\t\t\tvar worldCoordinateNewCenter = new google.maps.Point(\n\t\t\t\t\t\tworldCoordinateCenter.x - pixelOffset.x,\n\t\t\t\t\t\tworldCoordinateCenter.y + pixelOffset.y\n\t\t\t\t\t);\n\n\t\t\t\t\tvar newCenter = map.getProjection().fromPointToLatLng(worldCoordinateNewCenter);\n\n\t\t\t\t\tmap.setCenter(newCenter);\n\n\t\t\t\t}\n\t\t\t});\n\t\t<\/script>\n\t\t<div class=\"gmap_addresses\">\n\t\t\t<div class=\"container\">\n\t\t\t\t<div class=\"row\">\n\t\t\t\t\t<div class=\"col-lg-11 col-md-11 col-sm-11 col-xs-12\">\n\t\t\t\t\t\t<div class=\"addresses_wr\">\n\t\t\t\t\t\t\t<div class=\"addresses\" id=\"owl_69d6f2114cc31\">\n\t\t\t\t\t\t\t\t\n<div class=\"item\" data-lat=\"10.8091022\" data-lng=\"106.6703724\" data-title=\"HCM Office\">\n\t\t\t<div class=\"title\">HCM Office<\/div>\n\t\t<ul>\n\t\t\t\t\t<li>\n\t\t\t\t<div class=\"icon\">\n\t\t\t\t\t<i class=\"stm-location-2\"><\/i>\n\t\t\t\t<\/div>\n\t\t\t\t<div class=\"text\">\n\t\t\t\t\t<p>130 \u2013 132 Hong Ha, Phu Nhuan District, Ho Chi Minh City, Vietnam<\/p>\n\t\t\t\t<\/div>\n\t\t\t<\/li>\n\t\t\t\t\t\t\t<li>\n\t\t\t\t<div class=\"icon\">\n\t\t\t\t\t<i class=\"stm-iphone\"><\/i>\n\t\t\t\t<\/div>\n\t\t\t\t<div class=\"text\">\n\t\t\t\t\t<p>+84 (28) 3995 0085<\/p>\n\t\t\t\t<\/div>\n\t\t\t<\/li>\n\t\t\t\t\t\t\t<li>\n\t\t\t\t<div class=\"icon\">\n\t\t\t\t\t<i class=\"stm-email\"><\/i>\n\t\t\t\t<\/div>\n\t\t\t\t<div class=\"text\">\n\t\t\t\t\t<a href=\"mailto:in&#102;&#111;&#64;s&#117;c&#99;&#101;s&#115;t&#114;a&#110;&#115;.&#118;&#110;\">info&#64;su&#99;&#99;&#101;&#115;s&#116;&#114;&#97;ns.&#118;&#110;<\/a>\n\t\t\t\t<\/div>\n\t\t\t<\/li>\n\t\t\t<\/ul>\n<\/div>\n<div class=\"item\" data-lat=\"21.0228161\" data-lng=\"105.801944\" data-title=\"Ha Noi Office\">\n\t\t\t<div class=\"title\">Hanoi Office<\/div>\n\t\t<ul>\n\t\t\t\t\t<li>\n\t\t\t\t<div class=\"icon\">\n\t\t\t\t\t<i class=\"stm-location-2\"><\/i>\n\t\t\t\t<\/div>\n\t\t\t\t<div class=\"text\">\n\t\t\t\t\t<p>71 Hoang Cau Street, Dong Da Ward, Hanoi City, Vietnam<\/p>\n\t\t\t\t<\/div>\n\t\t\t<\/li>\n\t\t\t\t\t\t\t<li>\n\t\t\t\t<div class=\"icon\">\n\t\t\t\t\t<i class=\"stm-iphone\"><\/i>\n\t\t\t\t<\/div>\n\t\t\t\t<div class=\"text\">\n\t\t\t\t\t<p>+84 (28) 3995 0085<\/p>\n\t\t\t\t<\/div>\n\t\t\t<\/li>\n\t\t\t\t\t\t\t<li>\n\t\t\t\t<div class=\"icon\">\n\t\t\t\t\t<i class=\"stm-email\"><\/i>\n\t\t\t\t<\/div>\n\t\t\t\t<div class=\"text\">\n\t\t\t\t\t<a href=\"mailto:info&#64;&#115;&#117;&#99;ces&#115;&#116;&#114;&#97;ns&#46;&#118;n\">&#105;n&#102;&#111;&#64;succe&#115;str&#97;ns.v&#110;<\/a>\n\t\t\t\t<\/div>\n\t\t\t<\/li>\n\t\t\t<\/ul>\n<\/div>\n<div class=\"item\" data-lat=\"33.9846826\" data-lng=\"-117.8494185\" data-title=\"Los Angeles office\">\n\t\t\t<div class=\"title\">Los Angeles office<\/div>\n\t\t<ul>\n\t\t\t\t\t<li>\n\t\t\t\t<div class=\"icon\">\n\t\t\t\t\t<i class=\"stm-location-2\"><\/i>\n\t\t\t\t<\/div>\n\t\t\t\t<div class=\"text\">\n\t\t\t\t\t<p>20955 Pathfinder Rd. Suite #205 Diamond Bar, CA 91765, USA<\/p>\n\t\t\t\t<\/div>\n\t\t\t<\/li>\n\t\t\t\t\t\t\t<li>\n\t\t\t\t<div class=\"icon\">\n\t\t\t\t\t<i class=\"stm-iphone\"><\/i>\n\t\t\t\t<\/div>\n\t\t\t\t<div class=\"text\">\n\t\t\t\t\t<p>+84 (28) 3995 0085<\/p>\n\t\t\t\t<\/div>\n\t\t\t<\/li>\n\t\t\t\t\t\t\t<li>\n\t\t\t\t<div class=\"icon\">\n\t\t\t\t\t<i class=\"stm-email\"><\/i>\n\t\t\t\t<\/div>\n\t\t\t\t<div class=\"text\">\n\t\t\t\t\t<a href=\"mailto:&#105;n&#102;&#111;&#64;&#115;&#117;&#99;&#99;&#101;&#115;st&#114;&#97;&#110;&#115;.&#118;n\">i&#110;&#102;&#111;&#64;suc&#99;&#101;sstr&#97;ns&#46;v&#110;<\/a>\n\t\t\t\t<\/div>\n\t\t\t<\/li>\n\t\t\t<\/ul>\n<\/div>\n<div class=\"item\" data-lat=\"40.657769\" data-lng=\"-73.7707677\" data-title=\"New York office\">\n\t\t\t<div class=\"title\">New York office<\/div>\n\t\t<ul>\n\t\t\t\t\t<li>\n\t\t\t\t<div class=\"icon\">\n\t\t\t\t\t<i class=\"stm-location-2\"><\/i>\n\t\t\t\t<\/div>\n\t\t\t\t<div class=\"text\">\n\t\t\t\t\t<p>149-05 177th St. Suite# 200, Jamaica NY 11434, USA<\/p>\n\t\t\t\t<\/div>\n\t\t\t<\/li>\n\t\t\t\t\t\t\t<li>\n\t\t\t\t<div class=\"icon\">\n\t\t\t\t\t<i class=\"stm-iphone\"><\/i>\n\t\t\t\t<\/div>\n\t\t\t\t<div class=\"text\">\n\t\t\t\t\t<p>+84 (28) 3995 0085<\/p>\n\t\t\t\t<\/div>\n\t\t\t<\/li>\n\t\t\t\t\t\t\t<li>\n\t\t\t\t<div class=\"icon\">\n\t\t\t\t\t<i class=\"stm-email\"><\/i>\n\t\t\t\t<\/div>\n\t\t\t\t<div class=\"text\">\n\t\t\t\t\t<a href=\"mailto:i&#110;&#102;o&#64;su&#99;&#99;&#101;s&#115;tra&#110;s&#46;v&#110;\">in&#102;&#111;&#64;&#115;&#117;cc&#101;&#115;s&#116;&#114;&#97;n&#115;.&#118;&#110;<\/a>\n\t\t\t\t<\/div>\n\t\t\t<\/li>\n\t\t\t<\/ul>\n<\/div>\t\t\t\t\t\t\t<\/div>\n\t\t\t\t\t\t<\/div>\n\t\t\t\t\t<\/div>\n\t\t\t\t\t<div class=\"owl-dots-wr\">\n\t\t\t\t\t\t<div class=\"owl-dots\" id=\"owl-nav-69d6f2114cc32\"><\/div>\n\t\t\t\t\t<\/div>\n\t\t\t\t<\/div>\n\t\t\t<\/div>\n\t\t<\/div>\n\t<\/div>\n<\/div><\/div><\/div><\/div><div class=\"vc_row-full-width\"><\/div>","protected":false},"excerpt":{"rendered":"Li\u00ean h\u1ec7 v\u1edbi ch\u00fang t\u00f4i N\u1ebfu b\u1ea1n c\u00f3 b\u1ea5t k\u1ef3 c\u00e2u h\u1ecfi n\u00e0o v\u1ec1 Th\u00e0nh C\u00f4ng ho\u1eb7c c\u00e1ch ch\u00fang t\u00f4i c\u00f3 th\u1ec3 h\u1ed7 tr\u1ee3 doanh nghi\u1ec7p c\u1ee7a b\u1ea1n, vui l\u00f2ng li\u00ean h\u1ec7 tr\u1ef1c...","protected":false},"author":1,"featured_media":0,"parent":0,"menu_order":0,"comment_status":"closed","ping_status":"closed","template":"","meta":[],"yst_prominent_words":[],"_links":{"self":[{"href":"https:\/\/successtrans.vn\/en\/wp-json\/wp\/v2\/pages\/442"}],"collection":[{"href":"https:\/\/successtrans.vn\/en\/wp-json\/wp\/v2\/pages"}],"about":[{"href":"https:\/\/successtrans.vn\/en\/wp-json\/wp\/v2\/types\/page"}],"author":[{"embeddable":true,"href":"https:\/\/successtrans.vn\/en\/wp-json\/wp\/v2\/users\/1"}],"replies":[{"embeddable":true,"href":"https:\/\/successtrans.vn\/en\/wp-json\/wp\/v2\/comments?post=442"}],"version-history":[{"count":5,"href":"https:\/\/successtrans.vn\/en\/wp-json\/wp\/v2\/pages\/442\/revisions"}],"predecessor-version":[{"id":1462,"href":"https:\/\/successtrans.vn\/en\/wp-json\/wp\/v2\/pages\/442\/revisions\/1462"}],"wp:attachment":[{"href":"https:\/\/successtrans.vn\/en\/wp-json\/wp\/v2\/media?parent=442"}],"wp:term":[{"taxonomy":"yst_prominent_words","embeddable":true,"href":"https:\/\/successtrans.vn\/en\/wp-json\/wp\/v2\/yst_prominent_words?post=442"}],"curies":[{"name":"wp","href":"https:\/\/api.w.org\/{rel}","templated":true}]}}